{"id":610,"date":"2026-03-27T10:55:04","date_gmt":"2026-03-27T08:55:04","guid":{"rendered":"https:\/\/keskusta.fi\/120\/?page_id=610"},"modified":"2026-03-27T12:02:48","modified_gmt":"2026-03-27T10:02:48","slug":"keskustavisan-arvonnan-saannot","status":"publish","type":"page","link":"https:\/\/keskusta.fi\/120\/keskustavisan-arvonnan-saannot\/","title":{"rendered":"Keskustavisan arvonnan s\u00e4\u00e4nn\u00f6t"},"content":{"rendered":"","protected":false},"excerpt":{"rendered":"","protected":false},"author":1,"featured_media":0,"parent":0,"menu_order":0,"comment_status":"closed","ping_status":"closed","template":"","meta":{"_acf_changed":false,"footnotes":""},"class_list":["post-610","page","type-page","status-publish","hentry"],"acf":[],"_links":{"self":[{"href":"https:\/\/keskusta.fi\/120\/wp-json\/wp\/v2\/pages\/610","targetHints":{"allow":["GET"]}}],"collection":[{"href":"https:\/\/keskusta.fi\/120\/wp-json\/wp\/v2\/pages"}],"about":[{"href":"https:\/\/keskusta.fi\/120\/wp-json\/wp\/v2\/types\/page"}],"author":[{"embeddable":true,"href":"https:\/\/keskusta.fi\/120\/wp-json\/wp\/v2\/users\/1"}],"replies":[{"embeddable":true,"href":"https:\/\/keskusta.fi\/120\/wp-json\/wp\/v2\/comments?post=610"}],"version-history":[{"count":4,"href":"https:\/\/keskusta.fi\/120\/wp-json\/wp\/v2\/pages\/610\/revisions"}],"predecessor-version":[{"id":614,"href":"https:\/\/keskusta.fi\/120\/wp-json\/wp\/v2\/pages\/610\/revisions\/614"}],"wp:attachment":[{"href":"https:\/\/keskusta.fi\/120\/wp-json\/wp\/v2\/media?parent=610"}],"curies":[{"name":"wp","href":"https:\/\/api.w.org\/{rel}","templated":true}]}}