{"id":4834,"date":"2026-03-31T11:07:09","date_gmt":"2026-03-31T08:07:09","guid":{"rendered":"https:\/\/keskusta.fi\/kainuu\/?page_id=4834"},"modified":"2026-04-10T15:25:29","modified_gmt":"2026-04-10T12:25:29","slug":"jasenvaali","status":"publish","type":"page","link":"https:\/\/keskusta.fi\/kainuu\/jasenvaali\/","title":{"rendered":"J\u00e4sen\u00e4\u00e4nestys"},"content":{"rendered":"","protected":false},"excerpt":{"rendered":"","protected":false},"author":40,"featured_media":0,"parent":0,"menu_order":0,"comment_status":"closed","ping_status":"closed","template":"","meta":{"_acf_changed":false,"footnotes":""},"class_list":["post-4834","page","type-page","status-publish","hentry"],"acf":[],"_links":{"self":[{"href":"https:\/\/keskusta.fi\/kainuu\/wp-json\/wp\/v2\/pages\/4834","targetHints":{"allow":["GET"]}}],"collection":[{"href":"https:\/\/keskusta.fi\/kainuu\/wp-json\/wp\/v2\/pages"}],"about":[{"href":"https:\/\/keskusta.fi\/kainuu\/wp-json\/wp\/v2\/types\/page"}],"author":[{"embeddable":true,"href":"https:\/\/keskusta.fi\/kainuu\/wp-json\/wp\/v2\/users\/40"}],"replies":[{"embeddable":true,"href":"https:\/\/keskusta.fi\/kainuu\/wp-json\/wp\/v2\/comments?post=4834"}],"version-history":[{"count":5,"href":"https:\/\/keskusta.fi\/kainuu\/wp-json\/wp\/v2\/pages\/4834\/revisions"}],"predecessor-version":[{"id":4908,"href":"https:\/\/keskusta.fi\/kainuu\/wp-json\/wp\/v2\/pages\/4834\/revisions\/4908"}],"wp:attachment":[{"href":"https:\/\/keskusta.fi\/kainuu\/wp-json\/wp\/v2\/media?parent=4834"}],"curies":[{"name":"wp","href":"https:\/\/api.w.org\/{rel}","templated":true}]}}