{"id":2241,"date":"2020-08-29T19:37:50","date_gmt":"2020-08-29T16:37:50","guid":{"rendered":"https:\/\/keskusta.fi\/pirkanmaa\/?page_id=2241"},"modified":"2025-03-24T18:39:45","modified_gmt":"2025-03-24T16:39:45","slug":"parkano","status":"publish","type":"page","link":"https:\/\/keskusta.fi\/pirkanmaa\/parkano\/","title":{"rendered":"Parkano"},"content":{"rendered":"<p>&nbsp;<\/p>\n<p>Myllym\u00e4ki Klaus kaupunginhallituksen 1 vpj.Parkanon Keskustan kunnallisj\u00e4rjest\u00f6n kokous su 28.02.2021 klo 18.00 Postin alakerran kerhotiloissa (Rhy-ResUps-Pro kerhotilat). Aiheena kuntavaalien 2021 ehdokasasettelu ja vaaliasiat.<br \/>\nHallitus kokoontuu \u00bd tuntia aikaisemmin klo 17.30.<br \/>\nKoronatilanteesta johtuen kokous j\u00e4rjestet\u00e4\u00e4n ns. hybridikokouksena. Jos haluat osallistua kokoukseen teams-yhteydell\u00e4 niin ilmoittaudu ennakkoon<br \/>\nhilkka.ala-kauhaluoma@parkanonlista.fi Tervetuloa<\/p>\n<p>&nbsp;<\/p>\n","protected":false},"excerpt":{"rendered":"<p>&nbsp; Myllym\u00e4ki Klaus kaupunginhallituksen 1 vpj.Parkanon Keskustan kunnallisj\u00e4rjest\u00f6n kokous su 28.02.2021 klo 18.00 Postin alakerran kerhotiloissa (Rhy-ResUps-Pro kerhotilat). Aiheena kuntavaalien 2021 ehdokasasettelu ja vaaliasiat. Hallitus kokoontuu \u00bd tuntia aikaisemmin klo 17.30. Koronatilanteesta johtuen kokous j\u00e4rjestet\u00e4\u00e4n ns. hybridikokouksena. Jos haluat osallistua kokoukseen teams-yhteydell\u00e4 niin ilmoittaudu ennakkoon hilkka.ala-kauhaluoma@parkanonlista.fi Tervetuloa &nbsp;<\/p>\n","protected":false},"author":29,"featured_media":0,"parent":0,"menu_order":0,"comment_status":"closed","ping_status":"closed","template":"","meta":{"_acf_changed":false,"footnotes":""},"class_list":["post-2241","page","type-page","status-publish","hentry"],"acf":[],"_links":{"self":[{"href":"https:\/\/keskusta.fi\/pirkanmaa\/wp-json\/wp\/v2\/pages\/2241","targetHints":{"allow":["GET"]}}],"collection":[{"href":"https:\/\/keskusta.fi\/pirkanmaa\/wp-json\/wp\/v2\/pages"}],"about":[{"href":"https:\/\/keskusta.fi\/pirkanmaa\/wp-json\/wp\/v2\/types\/page"}],"author":[{"embeddable":true,"href":"https:\/\/keskusta.fi\/pirkanmaa\/wp-json\/wp\/v2\/users\/29"}],"replies":[{"embeddable":true,"href":"https:\/\/keskusta.fi\/pirkanmaa\/wp-json\/wp\/v2\/comments?post=2241"}],"version-history":[{"count":5,"href":"https:\/\/keskusta.fi\/pirkanmaa\/wp-json\/wp\/v2\/pages\/2241\/revisions"}],"predecessor-version":[{"id":6492,"href":"https:\/\/keskusta.fi\/pirkanmaa\/wp-json\/wp\/v2\/pages\/2241\/revisions\/6492"}],"wp:attachment":[{"href":"https:\/\/keskusta.fi\/pirkanmaa\/wp-json\/wp\/v2\/media?parent=2241"}],"curies":[{"name":"wp","href":"https:\/\/api.w.org\/{rel}","templated":true}]}}